{"id":1418,"date":"2025-07-09T14:43:27","date_gmt":"2025-07-09T14:43:27","guid":{"rendered":"https:\/\/sabramap.com\/product\/jeu-de-cartes-magnetiques\/"},"modified":"2025-11-12T10:10:37","modified_gmt":"2025-11-12T10:10:37","slug":"jeu-de-cartes-magnetiques","status":"publish","type":"product","link":"https:\/\/sabramap.com\/fr\/produit\/jeu-de-cartes-magnetiques\/","title":{"rendered":"Le jeu de puzzle sur les paysages d\u2019Isra\u00ebl"},"content":{"rendered":"<p data-start=\"135\" data-end=\"191\"><strong data-start=\"135\" data-end=\"189\">D\u00e9couvrez Isra\u00ebl : Le jeu de puzzle magn\u00e9tique<\/strong><\/p>\n<p data-start=\"193\" data-end=\"477\">Transformez l&rsquo;apprentissage d&rsquo;Isra\u00ebl en une aventure passionnante ! <em data-start=\"248\" data-end=\"265\">SabraMap<\/em> est un jeu interactif unique qui combine exploration, strat\u00e9gie et amusement pour les joueurs de tous \u00e2ges. Parfait pour les familles, les amis et les \u00e9quipes, il donne vie aux r\u00e9gions, \u00e0 l&rsquo;histoire, \u00e0 la nature et aux sites d&rsquo;Isra\u00ebl.<\/p>\n<ul data-start=\"479\" data-end=\"1351\">\n<li data-start=\"479\" data-end=\"706\">\n<p data-start=\"481\" data-end=\"706\"><strong data-start=\"481\" data-end=\"502\">Jouez et remportez la partie<\/strong>: Deux joueurs ou \u00e9quipes s\u2019affrontent pour r\u00e9soudre des indices. Commencez par l\u2019indice le plus difficile, qui rapporte 5 points, puis l\u2019\u00e9quipe suivante tente un indice un peu plus facile, qui rapporte 4 points, et ainsi de suite. Soyez rapides pour d\u00e9couvrir les 23 r\u00e9gions en premier !<\/p>\n<\/li>\n<li data-start=\"708\" data-end=\"917\">\n<p data-start=\"710\" data-end=\"917\"><strong data-start=\"710\" data-end=\"728\">Construisez la carte :<\/strong> Chaque partie du puzzle est repr\u00e9sent\u00e9e par une pi\u00e8ce de puzzle magn\u00e9tique montrant sa ville principale, une caract\u00e9ristique particuli\u00e8re, un animal ou une plante. Placez les pi\u00e8ces sur la carte et gagnez des points.<\/p>\n<\/li>\n<li data-start=\"919\" data-end=\"1084\">\n<p data-start=\"921\" data-end=\"1084\"><strong data-start=\"921\" data-end=\"943\">Des missions captivantes :<\/strong> Explorez chaque r\u00e9gion gr\u00e2ce \u00e0 des missions sp\u00e9ciales con\u00e7ues pour enseigner la g\u00e9ographie, l&rsquo;histoire, la flore, la faune et les sites c\u00e9l\u00e8bres d&rsquo;une mani\u00e8re amusante et pratique.<\/p>\n<\/li>\n<li data-start=\"1086\" data-end=\"1351\">\n<p data-start=\"1088\" data-end=\"1113\"><strong data-start=\"1088\" data-end=\"1111\">Pourquoi vous l&rsquo;aimerez :<\/strong><\/p>\n<ul data-start=\"1116\" data-end=\"1351\">\n<li data-start=\"1116\" data-end=\"1170\">\n<p data-start=\"1118\" data-end=\"1170\">23 pi\u00e8ces de puzzle magn\u00e9tiques pour un apprentissage interactif<\/p>\n<\/li>\n<li data-start=\"1173\" data-end=\"1238\">\n<p data-start=\"1175\" data-end=\"1238\">Parfait pour s&rsquo;amuser en famille, pour les activit\u00e9s scolaires ou pour les d\u00e9fis d&rsquo;\u00e9quipe.<\/p>\n<\/li>\n<li data-start=\"1241\" data-end=\"1300\">\n<p data-start=\"1243\" data-end=\"1300\">Encourage l&rsquo;exploration, la pens\u00e9e critique et le travail d&rsquo;\u00e9quipe<\/p>\n<\/li>\n<li data-start=\"1303\" data-end=\"1351\">\n<p data-start=\"1305\" data-end=\"1351\">Apprenez les secrets d&rsquo;Isra\u00ebl tout en vous amusant !<\/p>\n<\/li>\n<\/ul>\n<\/li>\n<\/ul>\n<p data-start=\"1353\" data-end=\"1467\">D\u00e9couvrez, explorez et relevez le d\u00e9fi avec SabraMap, le seul jeu de puzzle qui transforme l\u2019apprentissage en aventure !<\/p>\n","protected":false},"excerpt":{"rendered":"<p>D\u00e9couvrez les r\u00e9gions d&rsquo;Isra\u00ebl d&rsquo;une mani\u00e8re amusante et \u00e9ducative !<br \/>\nUn jeu magn\u00e9tique bas\u00e9 sur des \u00e9nigmes et des missions qui rend la g\u00e9ographie et l&rsquo;histoire amusantes et m\u00e9morables.<br \/>\nJouez en famille, entre amis ou en groupe.<\/p>\n<p>R\u00e9solvez les \u00e9nigmes, assemblez la carte, accomplissez les missions et voyez si vous \u00eates un vrai <strong>Sabra<\/strong>.<\/p>\n","protected":false},"featured_media":1413,"comment_status":"open","ping_status":"closed","template":"","meta":{"_acf_changed":false},"product_brand":[],"product_cat":[76],"product_tag":[135,134,118],"class_list":{"0":"post-1418","1":"product","2":"type-product","3":"status-publish","4":"has-post-thumbnail","6":"product_cat-non-categorise","7":"product_tag-geographie","8":"product_tag-jeu","9":"product_tag-puzzle","10":"pa_language-anglais","11":"pa_language-francais","12":"pa_language-82","13":"rsfv-has-video","15":"first","16":"instock","17":"shipping-taxable","18":"purchasable","19":"product-type-variable"},"acf":[],"yoast_head":"<!-- This site is optimized with the Yoast SEO plugin v27.2 - https:\/\/yoast.com\/product\/yoast-seo-wordpress\/ -->\n<title>Le jeu de puzzle sur les paysages d\u2019Isra\u00ebl - Sabra Map<\/title>\n<meta name=\"robots\" content=\"index, follow, max-snippet:-1, max-image-preview:large, max-video-preview:-1\" \/>\n<link rel=\"canonical\" href=\"https:\/\/sabramap.com\/fr\/produit\/jeu-de-cartes-magnetiques\/\" \/>\n<meta property=\"og:locale\" content=\"fr_FR\" \/>\n<meta property=\"og:type\" content=\"article\" \/>\n<meta property=\"og:title\" content=\"Le jeu de puzzle sur les paysages d\u2019Isra\u00ebl - Sabra Map\" \/>\n<meta property=\"og:description\" content=\"D\u00e9couvrez les r\u00e9gions d&#039;Isra\u00ebl d&#039;une mani\u00e8re amusante et \u00e9ducative ! Un jeu magn\u00e9tique bas\u00e9 sur des \u00e9nigmes et des missions qui rend la g\u00e9ographie et l&#039;histoire amusantes et m\u00e9morables. Jouez en famille, entre amis ou en groupe.  R\u00e9solvez les \u00e9nigmes, assemblez la carte, accomplissez les missions et voyez si vous \u00eates un vrai Sabra.\" \/>\n<meta property=\"og:url\" content=\"https:\/\/sabramap.com\/fr\/produit\/jeu-de-cartes-magnetiques\/\" \/>\n<meta property=\"og:site_name\" content=\"Sabra Map\" \/>\n<meta property=\"article:modified_time\" content=\"2025-11-12T10:10:37+00:00\" \/>\n<meta property=\"og:image\" content=\"https:\/\/sabramap.com\/wp-content\/uploads\/2025\/07\/WhatsApp-Image-2025-10-20-at-13.41.12-1.jpeg.webp\" \/>\n\t<meta property=\"og:image:width\" content=\"800\" \/>\n\t<meta property=\"og:image:height\" content=\"800\" \/>\n\t<meta property=\"og:image:type\" content=\"image\/webp\" \/>\n<meta name=\"twitter:card\" content=\"summary_large_image\" \/>\n<meta name=\"twitter:label1\" content=\"Dur\u00e9e de lecture estim\u00e9e\" \/>\n\t<meta name=\"twitter:data1\" content=\"2 minutes\" \/>\n<script type=\"application\/ld+json\" class=\"yoast-schema-graph\">{\"@context\":\"https:\/\/schema.org\",\"@graph\":[{\"@type\":\"WebPage\",\"@id\":\"https:\/\/sabramap.com\/fr\/produit\/jeu-de-cartes-magnetiques\/\",\"url\":\"https:\/\/sabramap.com\/fr\/produit\/jeu-de-cartes-magnetiques\/\",\"name\":\"Le jeu de puzzle sur les paysages d\u2019Isra\u00ebl - Sabra Map\",\"isPartOf\":{\"@id\":\"https:\/\/sabramap.com\/fr\/#website\"},\"primaryImageOfPage\":{\"@id\":\"https:\/\/sabramap.com\/fr\/produit\/jeu-de-cartes-magnetiques\/#primaryimage\"},\"image\":{\"@id\":\"https:\/\/sabramap.com\/fr\/produit\/jeu-de-cartes-magnetiques\/#primaryimage\"},\"thumbnailUrl\":\"https:\/\/sabramap.com\/wp-content\/uploads\/2025\/07\/WhatsApp-Image-2025-10-20-at-13.41.12-1.jpeg.webp\",\"datePublished\":\"2025-07-09T14:43:27+00:00\",\"dateModified\":\"2025-11-12T10:10:37+00:00\",\"breadcrumb\":{\"@id\":\"https:\/\/sabramap.com\/fr\/produit\/jeu-de-cartes-magnetiques\/#breadcrumb\"},\"inLanguage\":\"fr-FR\",\"potentialAction\":[{\"@type\":\"ReadAction\",\"target\":[\"https:\/\/sabramap.com\/fr\/produit\/jeu-de-cartes-magnetiques\/\"]}]},{\"@type\":\"ImageObject\",\"inLanguage\":\"fr-FR\",\"@id\":\"https:\/\/sabramap.com\/fr\/produit\/jeu-de-cartes-magnetiques\/#primaryimage\",\"url\":\"https:\/\/sabramap.com\/wp-content\/uploads\/2025\/07\/WhatsApp-Image-2025-10-20-at-13.41.12-1.jpeg.webp\",\"contentUrl\":\"https:\/\/sabramap.com\/wp-content\/uploads\/2025\/07\/WhatsApp-Image-2025-10-20-at-13.41.12-1.jpeg.webp\",\"width\":800,\"height\":800},{\"@type\":\"BreadcrumbList\",\"@id\":\"https:\/\/sabramap.com\/fr\/produit\/jeu-de-cartes-magnetiques\/#breadcrumb\",\"itemListElement\":[{\"@type\":\"ListItem\",\"position\":1,\"name\":\"Home\",\"item\":\"https:\/\/sabramap.com\/fr\/sabra-map\/\"},{\"@type\":\"ListItem\",\"position\":2,\"name\":\"Boutique\",\"item\":\"https:\/\/sabramap.com\/fr\/boutique\/\"},{\"@type\":\"ListItem\",\"position\":3,\"name\":\"Le jeu de puzzle sur les paysages d\u2019Isra\u00ebl\"}]},{\"@type\":\"WebSite\",\"@id\":\"https:\/\/sabramap.com\/fr\/#website\",\"url\":\"https:\/\/sabramap.com\/fr\/\",\"name\":\"Sabra Map\",\"description\":\"Explore history, connect with Israel\",\"publisher\":{\"@id\":\"https:\/\/sabramap.com\/fr\/#organization\"},\"potentialAction\":[{\"@type\":\"SearchAction\",\"target\":{\"@type\":\"EntryPoint\",\"urlTemplate\":\"https:\/\/sabramap.com\/fr\/?s={search_term_string}\"},\"query-input\":{\"@type\":\"PropertyValueSpecification\",\"valueRequired\":true,\"valueName\":\"search_term_string\"}}],\"inLanguage\":\"fr-FR\"},{\"@type\":\"Organization\",\"@id\":\"https:\/\/sabramap.com\/fr\/#organization\",\"name\":\"Sabra Map\",\"url\":\"https:\/\/sabramap.com\/fr\/\",\"logo\":{\"@type\":\"ImageObject\",\"inLanguage\":\"fr-FR\",\"@id\":\"https:\/\/sabramap.com\/fr\/#\/schema\/logo\/image\/\",\"url\":\"https:\/\/sabramap.com\/wp-content\/uploads\/2025\/07\/Property-1color.svg\",\"contentUrl\":\"https:\/\/sabramap.com\/wp-content\/uploads\/2025\/07\/Property-1color.svg\",\"caption\":\"Sabra Map\"},\"image\":{\"@id\":\"https:\/\/sabramap.com\/fr\/#\/schema\/logo\/image\/\"}}]}<\/script>\n<!-- \/ Yoast SEO plugin. -->","yoast_head_json":{"title":"Le jeu de puzzle sur les paysages d\u2019Isra\u00ebl - Sabra Map","robots":{"index":"index","follow":"follow","max-snippet":"max-snippet:-1","max-image-preview":"max-image-preview:large","max-video-preview":"max-video-preview:-1"},"canonical":"https:\/\/sabramap.com\/fr\/produit\/jeu-de-cartes-magnetiques\/","og_locale":"fr_FR","og_type":"article","og_title":"Le jeu de puzzle sur les paysages d\u2019Isra\u00ebl - Sabra Map","og_description":"D\u00e9couvrez les r\u00e9gions d'Isra\u00ebl d'une mani\u00e8re amusante et \u00e9ducative ! Un jeu magn\u00e9tique bas\u00e9 sur des \u00e9nigmes et des missions qui rend la g\u00e9ographie et l'histoire amusantes et m\u00e9morables. Jouez en famille, entre amis ou en groupe.  R\u00e9solvez les \u00e9nigmes, assemblez la carte, accomplissez les missions et voyez si vous \u00eates un vrai Sabra.","og_url":"https:\/\/sabramap.com\/fr\/produit\/jeu-de-cartes-magnetiques\/","og_site_name":"Sabra Map","article_modified_time":"2025-11-12T10:10:37+00:00","og_image":[{"width":800,"height":800,"url":"https:\/\/sabramap.com\/wp-content\/uploads\/2025\/07\/WhatsApp-Image-2025-10-20-at-13.41.12-1.jpeg.webp","type":"image\/webp"}],"twitter_card":"summary_large_image","twitter_misc":{"Dur\u00e9e de lecture estim\u00e9e":"2 minutes"},"schema":{"@context":"https:\/\/schema.org","@graph":[{"@type":"WebPage","@id":"https:\/\/sabramap.com\/fr\/produit\/jeu-de-cartes-magnetiques\/","url":"https:\/\/sabramap.com\/fr\/produit\/jeu-de-cartes-magnetiques\/","name":"Le jeu de puzzle sur les paysages d\u2019Isra\u00ebl - Sabra Map","isPartOf":{"@id":"https:\/\/sabramap.com\/fr\/#website"},"primaryImageOfPage":{"@id":"https:\/\/sabramap.com\/fr\/produit\/jeu-de-cartes-magnetiques\/#primaryimage"},"image":{"@id":"https:\/\/sabramap.com\/fr\/produit\/jeu-de-cartes-magnetiques\/#primaryimage"},"thumbnailUrl":"https:\/\/sabramap.com\/wp-content\/uploads\/2025\/07\/WhatsApp-Image-2025-10-20-at-13.41.12-1.jpeg.webp","datePublished":"2025-07-09T14:43:27+00:00","dateModified":"2025-11-12T10:10:37+00:00","breadcrumb":{"@id":"https:\/\/sabramap.com\/fr\/produit\/jeu-de-cartes-magnetiques\/#breadcrumb"},"inLanguage":"fr-FR","potentialAction":[{"@type":"ReadAction","target":["https:\/\/sabramap.com\/fr\/produit\/jeu-de-cartes-magnetiques\/"]}]},{"@type":"ImageObject","inLanguage":"fr-FR","@id":"https:\/\/sabramap.com\/fr\/produit\/jeu-de-cartes-magnetiques\/#primaryimage","url":"https:\/\/sabramap.com\/wp-content\/uploads\/2025\/07\/WhatsApp-Image-2025-10-20-at-13.41.12-1.jpeg.webp","contentUrl":"https:\/\/sabramap.com\/wp-content\/uploads\/2025\/07\/WhatsApp-Image-2025-10-20-at-13.41.12-1.jpeg.webp","width":800,"height":800},{"@type":"BreadcrumbList","@id":"https:\/\/sabramap.com\/fr\/produit\/jeu-de-cartes-magnetiques\/#breadcrumb","itemListElement":[{"@type":"ListItem","position":1,"name":"Home","item":"https:\/\/sabramap.com\/fr\/sabra-map\/"},{"@type":"ListItem","position":2,"name":"Boutique","item":"https:\/\/sabramap.com\/fr\/boutique\/"},{"@type":"ListItem","position":3,"name":"Le jeu de puzzle sur les paysages d\u2019Isra\u00ebl"}]},{"@type":"WebSite","@id":"https:\/\/sabramap.com\/fr\/#website","url":"https:\/\/sabramap.com\/fr\/","name":"Sabra Map","description":"Explore history, connect with Israel","publisher":{"@id":"https:\/\/sabramap.com\/fr\/#organization"},"potentialAction":[{"@type":"SearchAction","target":{"@type":"EntryPoint","urlTemplate":"https:\/\/sabramap.com\/fr\/?s={search_term_string}"},"query-input":{"@type":"PropertyValueSpecification","valueRequired":true,"valueName":"search_term_string"}}],"inLanguage":"fr-FR"},{"@type":"Organization","@id":"https:\/\/sabramap.com\/fr\/#organization","name":"Sabra Map","url":"https:\/\/sabramap.com\/fr\/","logo":{"@type":"ImageObject","inLanguage":"fr-FR","@id":"https:\/\/sabramap.com\/fr\/#\/schema\/logo\/image\/","url":"https:\/\/sabramap.com\/wp-content\/uploads\/2025\/07\/Property-1color.svg","contentUrl":"https:\/\/sabramap.com\/wp-content\/uploads\/2025\/07\/Property-1color.svg","caption":"Sabra Map"},"image":{"@id":"https:\/\/sabramap.com\/fr\/#\/schema\/logo\/image\/"}}]}},"_links":{"self":[{"href":"https:\/\/sabramap.com\/fr\/wp-json\/wp\/v2\/product\/1418","targetHints":{"allow":["GET"]}}],"collection":[{"href":"https:\/\/sabramap.com\/fr\/wp-json\/wp\/v2\/product"}],"about":[{"href":"https:\/\/sabramap.com\/fr\/wp-json\/wp\/v2\/types\/product"}],"replies":[{"embeddable":true,"href":"https:\/\/sabramap.com\/fr\/wp-json\/wp\/v2\/comments?post=1418"}],"wp:featuredmedia":[{"embeddable":true,"href":"https:\/\/sabramap.com\/fr\/wp-json\/wp\/v2\/media\/1413"}],"wp:attachment":[{"href":"https:\/\/sabramap.com\/fr\/wp-json\/wp\/v2\/media?parent=1418"}],"wp:term":[{"taxonomy":"product_brand","embeddable":true,"href":"https:\/\/sabramap.com\/fr\/wp-json\/wp\/v2\/product_brand?post=1418"},{"taxonomy":"product_cat","embeddable":true,"href":"https:\/\/sabramap.com\/fr\/wp-json\/wp\/v2\/product_cat?post=1418"},{"taxonomy":"product_tag","embeddable":true,"href":"https:\/\/sabramap.com\/fr\/wp-json\/wp\/v2\/product_tag?post=1418"}],"curies":[{"name":"wp","href":"https:\/\/api.w.org\/{rel}","templated":true}]}}