{"id":1372,"date":"2025-10-20T10:56:43","date_gmt":"2025-10-20T10:56:43","guid":{"rendered":"https:\/\/sabramap.com\/product\/latlas-illustre-du-conflit-israelo-arabe\/"},"modified":"2026-02-05T20:30:32","modified_gmt":"2026-02-05T20:30:32","slug":"latlas-illustre-du-conflit-israelo-arabe","status":"publish","type":"product","link":"https:\/\/sabramap.com\/fr\/produit\/latlas-illustre-du-conflit-israelo-arabe\/","title":{"rendered":"L&rsquo;Atlas du conflit isra\u00e9lo-arabe"},"content":{"rendered":"<p>Cet atlas exclusif offre une perspective objective et accessible sur le conflit isra\u00e9lo-arabe, couvrant plus de 160 ans d\u2019histoire \u2014 de la fin de l\u2019Empire Ottoman jusqu\u2019en 2023. \u00c0 la lumi\u00e8re des tensions g\u00e9opolitiques actuelles, cet atlas r\u00e9pond \u00e0 un besoin urgent d\u2019outils \u00e9ducatifs factuels qui expliquent clairement les racines et les complexit\u00e9s de ce conflit en cours. Con\u00e7u pour servir de terrain commun \u00e0 la r\u00e9flexion et au dialogue constructif, cet atlas pr\u00e9sente des faits v\u00e9rifi\u00e9s \u00e0 travers des cartes et des visuels clairs et pr\u00e9cis.<br \/>Cet atlas est le fruit de :  <\/p>\n<ul>\n<li>Plus de 5 ans de recherche, d\u00e9veloppement et conception.<\/li>\n<li>La recoupe de plus de 350 cartes provenant d\u2019archives internationales.<\/li>\n<li>Des recherches approfondies sur les dynamiques religieuses, territoriales, nationales et culturelles.<\/li>\n<li>Des dizaines d\u2019interviews avec des historiens, journalistes et sp\u00e9cialistes du Moyen-Orient.<\/li>\n<li>Un travail professionnel de design graphique et \u00e9ditorial pour une clart\u00e9 et un impact visuel optimaux.<\/li>\n<\/ul>\n","protected":false},"excerpt":{"rendered":"<p>Obtenez une compr\u00e9hension claire, visuelle et neutre du conflit isra\u00e9lo-arabe depuis la fin de l\u2019Empire ottoman jusqu\u2019en 2023. Cet atlas comprend 32 cartes d\u00e9taill\u00e9es et une frise chronologique couvrant les \u00e9v\u00e9nements majeurs, les changements de fronti\u00e8res et le r\u00f4le des acteurs r\u00e9gionaux et internationaux. <\/p>\n","protected":false},"featured_media":1241,"comment_status":"open","ping_status":"closed","template":"","meta":{"_acf_changed":false},"product_brand":[],"product_cat":[85],"product_tag":[133,117],"class_list":{"0":"post-1372","1":"product","2":"type-product","3":"status-publish","4":"has-post-thumbnail","6":"product_cat-atlas","7":"product_tag-cartes","8":"product_tag-geopolitique","9":"pa_cover-couverture-rigide","10":"pa_cover-couverture-souple","11":"pa_language-anglais","12":"pa_language-espagnol","13":"pa_language-francais","14":"pa_language-82","15":"pa_size-format-a3","16":"pa_size-format-a4","18":"first","19":"onbackorder","20":"shipping-taxable","21":"purchasable","22":"product-type-variable"},"acf":[],"yoast_head":"<!-- This site is optimized with the Yoast SEO plugin v27.2 - https:\/\/yoast.com\/product\/yoast-seo-wordpress\/ -->\n<title>L&#039;Atlas du conflit isra\u00e9lo-arabe - Sabra Map<\/title>\n<meta name=\"robots\" content=\"index, follow, max-snippet:-1, max-image-preview:large, max-video-preview:-1\" \/>\n<link rel=\"canonical\" href=\"https:\/\/sabramap.com\/fr\/produit\/latlas-illustre-du-conflit-israelo-arabe\/\" \/>\n<meta property=\"og:locale\" content=\"fr_FR\" \/>\n<meta property=\"og:type\" content=\"article\" \/>\n<meta property=\"og:title\" content=\"L&#039;Atlas du conflit isra\u00e9lo-arabe - Sabra Map\" \/>\n<meta property=\"og:description\" content=\"Obtenez une compr\u00e9hension claire, visuelle et neutre du conflit isra\u00e9lo-arabe depuis la fin de l\u2019Empire ottoman jusqu\u2019en 2023. Cet atlas comprend 32 cartes d\u00e9taill\u00e9es et une frise chronologique couvrant les \u00e9v\u00e9nements majeurs, les changements de fronti\u00e8res et le r\u00f4le des acteurs r\u00e9gionaux et internationaux.\" \/>\n<meta property=\"og:url\" content=\"https:\/\/sabramap.com\/fr\/produit\/latlas-illustre-du-conflit-israelo-arabe\/\" \/>\n<meta property=\"og:site_name\" content=\"Sabra Map\" \/>\n<meta property=\"article:modified_time\" content=\"2026-02-05T20:30:32+00:00\" \/>\n<meta property=\"og:image\" content=\"https:\/\/sabramap.com\/wp-content\/uploads\/2025\/07\/WhatsApp-Image-2025-10-20-at-13.41.12.jpeg.webp\" \/>\n\t<meta property=\"og:image:width\" content=\"800\" \/>\n\t<meta property=\"og:image:height\" content=\"800\" \/>\n\t<meta property=\"og:image:type\" content=\"image\/webp\" \/>\n<meta name=\"twitter:card\" content=\"summary_large_image\" \/>\n<meta name=\"twitter:label1\" content=\"Dur\u00e9e de lecture estim\u00e9e\" \/>\n\t<meta name=\"twitter:data1\" content=\"1 minute\" \/>\n<script type=\"application\/ld+json\" class=\"yoast-schema-graph\">{\"@context\":\"https:\/\/schema.org\",\"@graph\":[{\"@type\":\"WebPage\",\"@id\":\"https:\/\/sabramap.com\/fr\/produit\/latlas-illustre-du-conflit-israelo-arabe\/\",\"url\":\"https:\/\/sabramap.com\/fr\/produit\/latlas-illustre-du-conflit-israelo-arabe\/\",\"name\":\"L'Atlas du conflit isra\u00e9lo-arabe - Sabra Map\",\"isPartOf\":{\"@id\":\"https:\/\/sabramap.com\/fr\/#website\"},\"primaryImageOfPage\":{\"@id\":\"https:\/\/sabramap.com\/fr\/produit\/latlas-illustre-du-conflit-israelo-arabe\/#primaryimage\"},\"image\":{\"@id\":\"https:\/\/sabramap.com\/fr\/produit\/latlas-illustre-du-conflit-israelo-arabe\/#primaryimage\"},\"thumbnailUrl\":\"https:\/\/sabramap.com\/wp-content\/uploads\/2025\/07\/WhatsApp-Image-2025-10-20-at-13.41.12.jpeg.webp\",\"datePublished\":\"2025-10-20T10:56:43+00:00\",\"dateModified\":\"2026-02-05T20:30:32+00:00\",\"breadcrumb\":{\"@id\":\"https:\/\/sabramap.com\/fr\/produit\/latlas-illustre-du-conflit-israelo-arabe\/#breadcrumb\"},\"inLanguage\":\"fr-FR\",\"potentialAction\":[{\"@type\":\"ReadAction\",\"target\":[\"https:\/\/sabramap.com\/fr\/produit\/latlas-illustre-du-conflit-israelo-arabe\/\"]}]},{\"@type\":\"ImageObject\",\"inLanguage\":\"fr-FR\",\"@id\":\"https:\/\/sabramap.com\/fr\/produit\/latlas-illustre-du-conflit-israelo-arabe\/#primaryimage\",\"url\":\"https:\/\/sabramap.com\/wp-content\/uploads\/2025\/07\/WhatsApp-Image-2025-10-20-at-13.41.12.jpeg.webp\",\"contentUrl\":\"https:\/\/sabramap.com\/wp-content\/uploads\/2025\/07\/WhatsApp-Image-2025-10-20-at-13.41.12.jpeg.webp\",\"width\":800,\"height\":800},{\"@type\":\"BreadcrumbList\",\"@id\":\"https:\/\/sabramap.com\/fr\/produit\/latlas-illustre-du-conflit-israelo-arabe\/#breadcrumb\",\"itemListElement\":[{\"@type\":\"ListItem\",\"position\":1,\"name\":\"Home\",\"item\":\"https:\/\/sabramap.com\/fr\/sabra-map\/\"},{\"@type\":\"ListItem\",\"position\":2,\"name\":\"Boutique\",\"item\":\"https:\/\/sabramap.com\/fr\/boutique\/\"},{\"@type\":\"ListItem\",\"position\":3,\"name\":\"L&rsquo;Atlas du conflit isra\u00e9lo-arabe\"}]},{\"@type\":\"WebSite\",\"@id\":\"https:\/\/sabramap.com\/fr\/#website\",\"url\":\"https:\/\/sabramap.com\/fr\/\",\"name\":\"Sabra Map\",\"description\":\"Explore history, connect with Israel\",\"publisher\":{\"@id\":\"https:\/\/sabramap.com\/fr\/#organization\"},\"potentialAction\":[{\"@type\":\"SearchAction\",\"target\":{\"@type\":\"EntryPoint\",\"urlTemplate\":\"https:\/\/sabramap.com\/fr\/?s={search_term_string}\"},\"query-input\":{\"@type\":\"PropertyValueSpecification\",\"valueRequired\":true,\"valueName\":\"search_term_string\"}}],\"inLanguage\":\"fr-FR\"},{\"@type\":\"Organization\",\"@id\":\"https:\/\/sabramap.com\/fr\/#organization\",\"name\":\"Sabra Map\",\"url\":\"https:\/\/sabramap.com\/fr\/\",\"logo\":{\"@type\":\"ImageObject\",\"inLanguage\":\"fr-FR\",\"@id\":\"https:\/\/sabramap.com\/fr\/#\/schema\/logo\/image\/\",\"url\":\"https:\/\/sabramap.com\/wp-content\/uploads\/2025\/07\/Property-1color.svg\",\"contentUrl\":\"https:\/\/sabramap.com\/wp-content\/uploads\/2025\/07\/Property-1color.svg\",\"caption\":\"Sabra Map\"},\"image\":{\"@id\":\"https:\/\/sabramap.com\/fr\/#\/schema\/logo\/image\/\"}}]}<\/script>\n<!-- \/ Yoast SEO plugin. -->","yoast_head_json":{"title":"L'Atlas du conflit isra\u00e9lo-arabe - Sabra Map","robots":{"index":"index","follow":"follow","max-snippet":"max-snippet:-1","max-image-preview":"max-image-preview:large","max-video-preview":"max-video-preview:-1"},"canonical":"https:\/\/sabramap.com\/fr\/produit\/latlas-illustre-du-conflit-israelo-arabe\/","og_locale":"fr_FR","og_type":"article","og_title":"L'Atlas du conflit isra\u00e9lo-arabe - Sabra Map","og_description":"Obtenez une compr\u00e9hension claire, visuelle et neutre du conflit isra\u00e9lo-arabe depuis la fin de l\u2019Empire ottoman jusqu\u2019en 2023. Cet atlas comprend 32 cartes d\u00e9taill\u00e9es et une frise chronologique couvrant les \u00e9v\u00e9nements majeurs, les changements de fronti\u00e8res et le r\u00f4le des acteurs r\u00e9gionaux et internationaux.","og_url":"https:\/\/sabramap.com\/fr\/produit\/latlas-illustre-du-conflit-israelo-arabe\/","og_site_name":"Sabra Map","article_modified_time":"2026-02-05T20:30:32+00:00","og_image":[{"width":800,"height":800,"url":"https:\/\/sabramap.com\/wp-content\/uploads\/2025\/07\/WhatsApp-Image-2025-10-20-at-13.41.12.jpeg.webp","type":"image\/webp"}],"twitter_card":"summary_large_image","twitter_misc":{"Dur\u00e9e de lecture estim\u00e9e":"1 minute"},"schema":{"@context":"https:\/\/schema.org","@graph":[{"@type":"WebPage","@id":"https:\/\/sabramap.com\/fr\/produit\/latlas-illustre-du-conflit-israelo-arabe\/","url":"https:\/\/sabramap.com\/fr\/produit\/latlas-illustre-du-conflit-israelo-arabe\/","name":"L'Atlas du conflit isra\u00e9lo-arabe - Sabra Map","isPartOf":{"@id":"https:\/\/sabramap.com\/fr\/#website"},"primaryImageOfPage":{"@id":"https:\/\/sabramap.com\/fr\/produit\/latlas-illustre-du-conflit-israelo-arabe\/#primaryimage"},"image":{"@id":"https:\/\/sabramap.com\/fr\/produit\/latlas-illustre-du-conflit-israelo-arabe\/#primaryimage"},"thumbnailUrl":"https:\/\/sabramap.com\/wp-content\/uploads\/2025\/07\/WhatsApp-Image-2025-10-20-at-13.41.12.jpeg.webp","datePublished":"2025-10-20T10:56:43+00:00","dateModified":"2026-02-05T20:30:32+00:00","breadcrumb":{"@id":"https:\/\/sabramap.com\/fr\/produit\/latlas-illustre-du-conflit-israelo-arabe\/#breadcrumb"},"inLanguage":"fr-FR","potentialAction":[{"@type":"ReadAction","target":["https:\/\/sabramap.com\/fr\/produit\/latlas-illustre-du-conflit-israelo-arabe\/"]}]},{"@type":"ImageObject","inLanguage":"fr-FR","@id":"https:\/\/sabramap.com\/fr\/produit\/latlas-illustre-du-conflit-israelo-arabe\/#primaryimage","url":"https:\/\/sabramap.com\/wp-content\/uploads\/2025\/07\/WhatsApp-Image-2025-10-20-at-13.41.12.jpeg.webp","contentUrl":"https:\/\/sabramap.com\/wp-content\/uploads\/2025\/07\/WhatsApp-Image-2025-10-20-at-13.41.12.jpeg.webp","width":800,"height":800},{"@type":"BreadcrumbList","@id":"https:\/\/sabramap.com\/fr\/produit\/latlas-illustre-du-conflit-israelo-arabe\/#breadcrumb","itemListElement":[{"@type":"ListItem","position":1,"name":"Home","item":"https:\/\/sabramap.com\/fr\/sabra-map\/"},{"@type":"ListItem","position":2,"name":"Boutique","item":"https:\/\/sabramap.com\/fr\/boutique\/"},{"@type":"ListItem","position":3,"name":"L&rsquo;Atlas du conflit isra\u00e9lo-arabe"}]},{"@type":"WebSite","@id":"https:\/\/sabramap.com\/fr\/#website","url":"https:\/\/sabramap.com\/fr\/","name":"Sabra Map","description":"Explore history, connect with Israel","publisher":{"@id":"https:\/\/sabramap.com\/fr\/#organization"},"potentialAction":[{"@type":"SearchAction","target":{"@type":"EntryPoint","urlTemplate":"https:\/\/sabramap.com\/fr\/?s={search_term_string}"},"query-input":{"@type":"PropertyValueSpecification","valueRequired":true,"valueName":"search_term_string"}}],"inLanguage":"fr-FR"},{"@type":"Organization","@id":"https:\/\/sabramap.com\/fr\/#organization","name":"Sabra Map","url":"https:\/\/sabramap.com\/fr\/","logo":{"@type":"ImageObject","inLanguage":"fr-FR","@id":"https:\/\/sabramap.com\/fr\/#\/schema\/logo\/image\/","url":"https:\/\/sabramap.com\/wp-content\/uploads\/2025\/07\/Property-1color.svg","contentUrl":"https:\/\/sabramap.com\/wp-content\/uploads\/2025\/07\/Property-1color.svg","caption":"Sabra Map"},"image":{"@id":"https:\/\/sabramap.com\/fr\/#\/schema\/logo\/image\/"}}]}},"_links":{"self":[{"href":"https:\/\/sabramap.com\/fr\/wp-json\/wp\/v2\/product\/1372","targetHints":{"allow":["GET"]}}],"collection":[{"href":"https:\/\/sabramap.com\/fr\/wp-json\/wp\/v2\/product"}],"about":[{"href":"https:\/\/sabramap.com\/fr\/wp-json\/wp\/v2\/types\/product"}],"replies":[{"embeddable":true,"href":"https:\/\/sabramap.com\/fr\/wp-json\/wp\/v2\/comments?post=1372"}],"wp:featuredmedia":[{"embeddable":true,"href":"https:\/\/sabramap.com\/fr\/wp-json\/wp\/v2\/media\/1241"}],"wp:attachment":[{"href":"https:\/\/sabramap.com\/fr\/wp-json\/wp\/v2\/media?parent=1372"}],"wp:term":[{"taxonomy":"product_brand","embeddable":true,"href":"https:\/\/sabramap.com\/fr\/wp-json\/wp\/v2\/product_brand?post=1372"},{"taxonomy":"product_cat","embeddable":true,"href":"https:\/\/sabramap.com\/fr\/wp-json\/wp\/v2\/product_cat?post=1372"},{"taxonomy":"product_tag","embeddable":true,"href":"https:\/\/sabramap.com\/fr\/wp-json\/wp\/v2\/product_tag?post=1372"}],"curies":[{"name":"wp","href":"https:\/\/api.w.org\/{rel}","templated":true}]}}