{"id":1210,"date":"2025-07-09T09:47:08","date_gmt":"2025-07-09T09:47:08","guid":{"rendered":"https:\/\/sabramap.com\/mon-compte\/"},"modified":"2025-10-30T11:04:21","modified_gmt":"2025-10-30T11:04:21","slug":"mon-compte","status":"publish","type":"page","link":"https:\/\/sabramap.com\/fr\/mon-compte\/","title":{"rendered":"Mon Compte"},"content":{"rendered":"\t\t<div data-elementor-type=\"wp-page\" data-elementor-id=\"1210\" class=\"elementor elementor-1210 elementor-17\" data-elementor-post-type=\"page\">\n\t\t\t\t<div data-particle_enable=\"false\" data-particle-mobile-disabled=\"false\" class=\"elementor-element elementor-element-65677c3 e-flex e-con-boxed e-con e-parent\" data-id=\"65677c3\" data-element_type=\"container\" data-e-type=\"container\" data-settings=\"{&quot;background_background&quot;:&quot;classic&quot;}\">\n\t\t\t\t\t<div class=\"e-con-inner\">\n\t\t\t\t<div class=\"elementor-element elementor-element-e27567b elementor-widget elementor-widget-heading\" data-id=\"e27567b\" data-element_type=\"widget\" data-e-type=\"widget\" data-widget_type=\"heading.default\">\n\t\t\t\t\t<h2 class=\"elementor-heading-title elementor-size-default\">Mon Compte<\/h2>\t\t\t\t<\/div>\n\t\t\t\t<div class=\"elementor-element elementor-element-18a6c93 elementor-widget elementor-widget-text-editor\" data-id=\"18a6c93\" data-element_type=\"widget\" data-e-type=\"widget\" data-widget_type=\"text-editor.default\">\n\t\t\t\t\t\t\t\t\t<p>Retrouvez toutes vos informations ici ! <\/p>\t\t\t\t\t\t\t\t<\/div>\n\t\t\t\t\t<\/div>\n\t\t\t\t<\/div>\n\t\t<div data-particle_enable=\"false\" data-particle-mobile-disabled=\"false\" class=\"elementor-element elementor-element-29a1b4f2 e-flex e-con-boxed e-con e-parent\" data-id=\"29a1b4f2\" data-element_type=\"container\" data-e-type=\"container\">\n\t\t\t\t\t<div class=\"e-con-inner\">\n\t\t\t\t<div class=\"elementor-element elementor-element-01c8f3e e-my-account-tabs-vertical elementor-widget elementor-widget-woocommerce-my-account\" data-id=\"01c8f3e\" data-element_type=\"widget\" data-e-type=\"widget\" data-widget_type=\"woocommerce-my-account.default\">\n\t\t\t\t\t<div class=\"e-my-account-tab e-my-account-tab__ \">\t\t\t<div class=\"woocommerce\"><div class=\"woocommerce-notices-wrapper\"><\/div>\n\n\t\t<h2>Se connecter<\/h2>\n\n\t\t<form class=\"woocommerce-form woocommerce-form-login login\" method=\"post\" novalidate>\n\n\t\t\t\n\t\t\t<p class=\"woocommerce-form-row woocommerce-form-row--wide form-row form-row-wide\">\n\t\t\t\t<label for=\"username\">Identifiant ou e-mail&nbsp;<span class=\"required\" aria-hidden=\"true\">*<\/span><span class=\"screen-reader-text\">Obligatoire<\/span><\/label>\n\t\t\t\t<input type=\"text\" class=\"woocommerce-Input woocommerce-Input--text input-text\" name=\"username\" id=\"username\" autocomplete=\"username\" value=\"\" required aria-required=\"true\" \/>\t\t\t<\/p>\n\t\t\t<p class=\"woocommerce-form-row woocommerce-form-row--wide form-row form-row-wide\">\n\t\t\t\t<label for=\"password\">Mot de passe&nbsp;<span class=\"required\" aria-hidden=\"true\">*<\/span><span class=\"screen-reader-text\">Obligatoire<\/span><\/label>\n\t\t\t\t<input class=\"woocommerce-Input woocommerce-Input--text input-text\" type=\"password\" name=\"password\" id=\"password\" autocomplete=\"current-password\" required aria-required=\"true\" \/>\n\t\t\t<\/p>\n\n\t\t\t\n\t\t\t<p class=\"form-row\">\n\t\t\t\t<label class=\"woocommerce-form__label woocommerce-form__label-for-checkbox woocommerce-form-login__rememberme\">\n\t\t\t\t\t<input class=\"woocommerce-form__input woocommerce-form__input-checkbox\" name=\"rememberme\" type=\"checkbox\" id=\"rememberme\" value=\"forever\" \/> <span>Se souvenir de moi<\/span>\n\t\t\t\t<\/label>\n\t\t\t\t<input type=\"hidden\" id=\"woocommerce-login-nonce\" name=\"woocommerce-login-nonce\" value=\"23f0ed22eb\" \/><input type=\"hidden\" name=\"_wp_http_referer\" value=\"\/fr\/wp-json\/wp\/v2\/pages\/1210\" \/>\t\t\t\t<button type=\"submit\" class=\"woocommerce-button button woocommerce-form-login__submit\" name=\"login\" value=\"Se connecter\">Se connecter<\/button>\n\t\t\t<\/p>\n\t\t\t<p class=\"woocommerce-LostPassword lost_password\">\n\t\t\t\t<a href=\"https:\/\/sabramap.com\/fr\/mon-compte\/lost-password\/\">Mot de passe perdu\u00a0?<\/a>\n\t\t\t<\/p>\n\n\t\t\t\n\t\t<\/form>\n\n\n<\/div>\t\t<\/div>\n\t\t\t\t\t\t<\/div>\n\t\t\t\t\t<\/div>\n\t\t\t\t<\/div>\n\t\t\t\t<\/div>\n\t\t","protected":false},"excerpt":{"rendered":"<p>Mon Compte Retrouvez toutes vos informations ici ! Tableau de bord Commandes T\u00e9l\u00e9chargements Adresses D\u00e9tails du compte Se d\u00e9connecter Hello David (not David? Log out) From your account dashboard you can view your recent orders, manage your shipping and billing addresses, and edit your password and account details.<\/p>\n","protected":false},"author":1,"featured_media":0,"parent":0,"menu_order":0,"comment_status":"closed","ping_status":"closed","template":"","meta":{"_acf_changed":false,"footnotes":""},"class_list":["post-1210","page","type-page","status-publish","hentry"],"acf":[],"yoast_head":"<!-- This site is optimized with the Yoast SEO plugin v27.2 - https:\/\/yoast.com\/product\/yoast-seo-wordpress\/ -->\n<title>Mon Compte - Sabra Map<\/title>\n<meta name=\"robots\" content=\"index, follow, max-snippet:-1, max-image-preview:large, max-video-preview:-1\" \/>\n<link rel=\"canonical\" href=\"https:\/\/sabramap.com\/fr\/mon-compte\/\" \/>\n<meta property=\"og:locale\" content=\"fr_FR\" \/>\n<meta property=\"og:type\" content=\"article\" \/>\n<meta property=\"og:title\" content=\"Mon Compte - Sabra Map\" \/>\n<meta property=\"og:description\" content=\"Mon Compte Retrouvez toutes vos informations ici ! Tableau de bord Commandes T\u00e9l\u00e9chargements Adresses D\u00e9tails du compte Se d\u00e9connecter Hello David (not David? Log out) From your account dashboard you can view your recent orders, manage your shipping and billing addresses, and edit your password and account details.\" \/>\n<meta property=\"og:url\" content=\"https:\/\/sabramap.com\/fr\/mon-compte\/\" \/>\n<meta property=\"og:site_name\" content=\"Sabra Map\" \/>\n<meta property=\"article:modified_time\" content=\"2025-10-30T11:04:21+00:00\" \/>\n<meta name=\"twitter:card\" content=\"summary_large_image\" \/>\n<script type=\"application\/ld+json\" class=\"yoast-schema-graph\">{\"@context\":\"https:\/\/schema.org\",\"@graph\":[{\"@type\":\"WebPage\",\"@id\":\"https:\/\/sabramap.com\/fr\/mon-compte\/\",\"url\":\"https:\/\/sabramap.com\/fr\/mon-compte\/\",\"name\":\"Mon Compte - Sabra Map\",\"isPartOf\":{\"@id\":\"https:\/\/sabramap.com\/fr\/#website\"},\"datePublished\":\"2025-07-09T09:47:08+00:00\",\"dateModified\":\"2025-10-30T11:04:21+00:00\",\"breadcrumb\":{\"@id\":\"https:\/\/sabramap.com\/fr\/mon-compte\/#breadcrumb\"},\"inLanguage\":\"fr-FR\",\"potentialAction\":[{\"@type\":\"ReadAction\",\"target\":[\"https:\/\/sabramap.com\/fr\/mon-compte\/\"]}]},{\"@type\":\"BreadcrumbList\",\"@id\":\"https:\/\/sabramap.com\/fr\/mon-compte\/#breadcrumb\",\"itemListElement\":[{\"@type\":\"ListItem\",\"position\":1,\"name\":\"Home\",\"item\":\"https:\/\/sabramap.com\/fr\/sabra-map\/\"},{\"@type\":\"ListItem\",\"position\":2,\"name\":\"Mon Compte\"}]},{\"@type\":\"WebSite\",\"@id\":\"https:\/\/sabramap.com\/fr\/#website\",\"url\":\"https:\/\/sabramap.com\/fr\/\",\"name\":\"Sabra Map\",\"description\":\"Explore history, connect with Israel\",\"publisher\":{\"@id\":\"https:\/\/sabramap.com\/fr\/#organization\"},\"potentialAction\":[{\"@type\":\"SearchAction\",\"target\":{\"@type\":\"EntryPoint\",\"urlTemplate\":\"https:\/\/sabramap.com\/fr\/?s={search_term_string}\"},\"query-input\":{\"@type\":\"PropertyValueSpecification\",\"valueRequired\":true,\"valueName\":\"search_term_string\"}}],\"inLanguage\":\"fr-FR\"},{\"@type\":\"Organization\",\"@id\":\"https:\/\/sabramap.com\/fr\/#organization\",\"name\":\"Sabra Map\",\"url\":\"https:\/\/sabramap.com\/fr\/\",\"logo\":{\"@type\":\"ImageObject\",\"inLanguage\":\"fr-FR\",\"@id\":\"https:\/\/sabramap.com\/fr\/#\/schema\/logo\/image\/\",\"url\":\"https:\/\/sabramap.com\/wp-content\/uploads\/2025\/07\/Property-1color.svg\",\"contentUrl\":\"https:\/\/sabramap.com\/wp-content\/uploads\/2025\/07\/Property-1color.svg\",\"caption\":\"Sabra Map\"},\"image\":{\"@id\":\"https:\/\/sabramap.com\/fr\/#\/schema\/logo\/image\/\"}}]}<\/script>\n<!-- \/ Yoast SEO plugin. -->","yoast_head_json":{"title":"Mon Compte - Sabra Map","robots":{"index":"index","follow":"follow","max-snippet":"max-snippet:-1","max-image-preview":"max-image-preview:large","max-video-preview":"max-video-preview:-1"},"canonical":"https:\/\/sabramap.com\/fr\/mon-compte\/","og_locale":"fr_FR","og_type":"article","og_title":"Mon Compte - Sabra Map","og_description":"Mon Compte Retrouvez toutes vos informations ici ! Tableau de bord Commandes T\u00e9l\u00e9chargements Adresses D\u00e9tails du compte Se d\u00e9connecter Hello David (not David? Log out) From your account dashboard you can view your recent orders, manage your shipping and billing addresses, and edit your password and account details.","og_url":"https:\/\/sabramap.com\/fr\/mon-compte\/","og_site_name":"Sabra Map","article_modified_time":"2025-10-30T11:04:21+00:00","twitter_card":"summary_large_image","schema":{"@context":"https:\/\/schema.org","@graph":[{"@type":"WebPage","@id":"https:\/\/sabramap.com\/fr\/mon-compte\/","url":"https:\/\/sabramap.com\/fr\/mon-compte\/","name":"Mon Compte - Sabra Map","isPartOf":{"@id":"https:\/\/sabramap.com\/fr\/#website"},"datePublished":"2025-07-09T09:47:08+00:00","dateModified":"2025-10-30T11:04:21+00:00","breadcrumb":{"@id":"https:\/\/sabramap.com\/fr\/mon-compte\/#breadcrumb"},"inLanguage":"fr-FR","potentialAction":[{"@type":"ReadAction","target":["https:\/\/sabramap.com\/fr\/mon-compte\/"]}]},{"@type":"BreadcrumbList","@id":"https:\/\/sabramap.com\/fr\/mon-compte\/#breadcrumb","itemListElement":[{"@type":"ListItem","position":1,"name":"Home","item":"https:\/\/sabramap.com\/fr\/sabra-map\/"},{"@type":"ListItem","position":2,"name":"Mon Compte"}]},{"@type":"WebSite","@id":"https:\/\/sabramap.com\/fr\/#website","url":"https:\/\/sabramap.com\/fr\/","name":"Sabra Map","description":"Explore history, connect with Israel","publisher":{"@id":"https:\/\/sabramap.com\/fr\/#organization"},"potentialAction":[{"@type":"SearchAction","target":{"@type":"EntryPoint","urlTemplate":"https:\/\/sabramap.com\/fr\/?s={search_term_string}"},"query-input":{"@type":"PropertyValueSpecification","valueRequired":true,"valueName":"search_term_string"}}],"inLanguage":"fr-FR"},{"@type":"Organization","@id":"https:\/\/sabramap.com\/fr\/#organization","name":"Sabra Map","url":"https:\/\/sabramap.com\/fr\/","logo":{"@type":"ImageObject","inLanguage":"fr-FR","@id":"https:\/\/sabramap.com\/fr\/#\/schema\/logo\/image\/","url":"https:\/\/sabramap.com\/wp-content\/uploads\/2025\/07\/Property-1color.svg","contentUrl":"https:\/\/sabramap.com\/wp-content\/uploads\/2025\/07\/Property-1color.svg","caption":"Sabra Map"},"image":{"@id":"https:\/\/sabramap.com\/fr\/#\/schema\/logo\/image\/"}}]}},"_links":{"self":[{"href":"https:\/\/sabramap.com\/fr\/wp-json\/wp\/v2\/pages\/1210","targetHints":{"allow":["GET"]}}],"collection":[{"href":"https:\/\/sabramap.com\/fr\/wp-json\/wp\/v2\/pages"}],"about":[{"href":"https:\/\/sabramap.com\/fr\/wp-json\/wp\/v2\/types\/page"}],"author":[{"embeddable":true,"href":"https:\/\/sabramap.com\/fr\/wp-json\/wp\/v2\/users\/1"}],"replies":[{"embeddable":true,"href":"https:\/\/sabramap.com\/fr\/wp-json\/wp\/v2\/comments?post=1210"}],"version-history":[{"count":7,"href":"https:\/\/sabramap.com\/fr\/wp-json\/wp\/v2\/pages\/1210\/revisions"}],"predecessor-version":[{"id":2268,"href":"https:\/\/sabramap.com\/fr\/wp-json\/wp\/v2\/pages\/1210\/revisions\/2268"}],"wp:attachment":[{"href":"https:\/\/sabramap.com\/fr\/wp-json\/wp\/v2\/media?parent=1210"}],"curies":[{"name":"wp","href":"https:\/\/api.w.org\/{rel}","templated":true}]}}